{"id":2225,"date":"2024-07-27T15:58:18","date_gmt":"2024-07-27T07:58:18","guid":{"rendered":"https:\/\/www.hbglobes.com\/politique-de-non-remboursement-et-de-non-retour\/"},"modified":"2025-06-11T11:43:33","modified_gmt":"2025-06-11T03:43:33","slug":"retours-remboursements","status":"publish","type":"page","link":"https:\/\/www.hbglobes.com\/fr\/retours-remboursements\/","title":{"rendered":"Retours \/ remboursements"},"content":{"rendered":"\t\t<div data-elementor-type=\"wp-page\" data-elementor-id=\"2225\" class=\"elementor elementor-2225 elementor-10\" data-elementor-post-type=\"page\">\n\t\t\t\t<div class=\"elementor-element elementor-element-4cb1b33 e-flex e-con-boxed e-con e-parent\" data-id=\"4cb1b33\" data-element_type=\"container\">\n\t\t\t\t\t<div class=\"e-con-inner\">\n\t\t<div class=\"elementor-element elementor-element-bed028d e-con-full e-flex e-con e-child\" data-id=\"bed028d\" data-element_type=\"container\">\n\t\t\t\t<div class=\"elementor-element elementor-element-1f3ed47 elementor-widget elementor-widget-button\" data-id=\"1f3ed47\" data-element_type=\"widget\" data-widget_type=\"button.default\">\n\t\t\t\t<div class=\"elementor-widget-container\">\n\t\t\t\t\t<div class=\"elementor-button-wrapper\">\n\t\t\t<a class=\"elementor-button elementor-button-link elementor-size-sm\" href=\"#\" id=\"back-button\">\n\t\t\t\t\t\t<span class=\"elementor-button-content-wrapper\">\n\t\t\t\t\t\t<span class=\"elementor-button-icon\">\n\t\t\t\t<svg aria-hidden=\"true\" class=\"e-font-icon-svg e-fas-undo\" viewBox=\"0 0 512 512\" xmlns=\"http:\/\/www.w3.org\/2000\/svg\"><path d=\"M212.333 224.333H12c-6.627 0-12-5.373-12-12V12C0 5.373 5.373 0 12 0h48c6.627 0 12 5.373 12 12v78.112C117.773 39.279 184.26 7.47 258.175 8.007c136.906.994 246.448 111.623 246.157 248.532C504.041 393.258 393.12 504 256.333 504c-64.089 0-122.496-24.313-166.51-64.215-5.099-4.622-5.334-12.554-.467-17.42l33.967-33.967c4.474-4.474 11.662-4.717 16.401-.525C170.76 415.336 211.58 432 256.333 432c97.268 0 176-78.716 176-176 0-97.267-78.716-176-176-176-58.496 0-110.28 28.476-142.274 72.333h98.274c6.627 0 12 5.373 12 12v48c0 6.627-5.373 12-12 12z\"><\/path><\/svg>\t\t\t<\/span>\n\t\t\t\t\t\t\t\t\t<span class=\"elementor-button-text\">Retour<\/span>\n\t\t\t\t\t<\/span>\n\t\t\t\t\t<\/a>\n\t\t<\/div>\n\t\t\t\t<\/div>\n\t\t\t\t<\/div>\n\t\t\t\t<div class=\"elementor-element elementor-element-f32ab72 elementor-widget elementor-widget-html\" data-id=\"f32ab72\" data-element_type=\"widget\" data-widget_type=\"html.default\">\n\t\t\t\t<div class=\"elementor-widget-container\">\n\t\t\t<script type=\"text\/javascript\">var backButton = document.getElementById('back-button');\nif (backButton) {\nbackButton.addEventListener('click', function(){window.history.back();});\n}\n \n<\/script>\t\t<\/div>\n\t\t\t\t<\/div>\n\t\t\t\t<\/div>\n\t\t\t\t\t<\/div>\n\t\t\t\t<\/div>\n\t\t<div class=\"elementor-element elementor-element-2d5677b e-flex e-con-boxed e-con e-parent\" data-id=\"2d5677b\" data-element_type=\"container\">\n\t\t\t\t\t<div class=\"e-con-inner\">\n\t\t\t\t<div class=\"elementor-element elementor-element-494953c elementor-widget elementor-widget-heading\" data-id=\"494953c\" data-element_type=\"widget\" data-widget_type=\"heading.default\">\n\t\t\t\t<div class=\"elementor-widget-container\">\n\t\t\t<style>\/*! elementor - v3.23.0 - 25-07-2024 *\/\n.elementor-heading-title{padding:0;margin:0;line-height:1}.elementor-widget-heading .elementor-heading-title[class*=elementor-size-]>a{color:inherit;font-size:inherit;line-height:inherit}.elementor-widget-heading .elementor-heading-title.elementor-size-small{font-size:15px}.elementor-widget-heading .elementor-heading-title.elementor-size-medium{font-size:19px}.elementor-widget-heading .elementor-heading-title.elementor-size-large{font-size:29px}.elementor-widget-heading .elementor-heading-title.elementor-size-xl{font-size:39px}.elementor-widget-heading .elementor-heading-title.elementor-size-xxl{font-size:59px}<\/style><p class=\"elementor-heading-title elementor-size-default\">Politique de non-remboursement et de non-retour<\/p>\t\t<\/div>\n\t\t\t\t<\/div>\n\t\t\t\t<div class=\"elementor-element elementor-element-78e338a2 elementor-widget elementor-widget-text-editor\" data-id=\"78e338a2\" data-element_type=\"widget\" data-widget_type=\"text-editor.default\">\n\t\t\t\t<div class=\"elementor-widget-container\">\n\t\t\t<style>\/*! elementor - v3.23.0 - 25-07-2024 *\/\n.elementor-widget-text-editor.elementor-drop-cap-view-stacked .elementor-drop-cap{background-color:#69727d;color:#fff}.elementor-widget-text-editor.elementor-drop-cap-view-framed .elementor-drop-cap{color:#69727d;border:3px solid;background-color:transparent}.elementor-widget-text-editor:not(.elementor-drop-cap-view-default) .elementor-drop-cap{margin-top:8px}.elementor-widget-text-editor:not(.elementor-drop-cap-view-default) .elementor-drop-cap-letter{width:1em;height:1em}.elementor-widget-text-editor .elementor-drop-cap{float:left;text-align:center;line-height:1;font-size:50px}.elementor-widget-text-editor .elementor-drop-cap-letter{display:inline-block}<\/style>\t\t\t\tNous vous remercions de l\u2019int\u00e9r\u00eat que vous portez \u00e0 nos produits. Nous nous effor\u00e7ons de fournir \u00e0 nos clients des produits de la plus haute qualit\u00e9, et nous veillons \u00e0 ce que chacun d\u2019eux soit soumis \u00e0 un contr\u00f4le rigoureux avant exp\u00e9dition. Veuillez consulter notre politique de non-remboursement et de non-retour. En utilisant nos produits, vous reconnaissez et acceptez les conditions suivantes :\n<br><br>\n\n<strong>1. Absence de remboursement : <\/strong>Tous les paiements effectu\u00e9s sont non remboursables. Aucun remboursement, total ou partiel, ne sera accord\u00e9, pour quelque raison que ce soit, y compris, sans s\u2019y limiter, en cas d\u2019insatisfaction, de changement d\u2019avis ou d\u2019annulation.\n<br><br>\n\n<strong>2. Absence de retour : <\/strong>\u00c9tant donn\u00e9 que les produits fournis par HB Globes sont minutieusement v\u00e9rifi\u00e9s avant l\u2019emballage, aucun retour ni \u00e9change ne sera accept\u00e9.\n<br><br>\n\n<strong>3. Communication claire : <\/strong>Nous encourageons une communication ouverte et transparente avec nos clients afin de nous assurer que les produits r\u00e9pondent \u00e0 leurs attentes avant l\u2019achat. Nous nous engageons \u00e0 fournir toutes les informations n\u00e9cessaires et des r\u00e9sultats de haute qualit\u00e9.\n<br><br>\n\n<strong>4. Circonstances exceptionnelles : <\/strong>Dans le cas o\u00f9 un produit serait endommag\u00e9 durant le transport, chaque envoi est couvert par une assurance exp\u00e9dition via DHL. <br>\nVeuillez contacter directement le service client de DHL en fournissant le num\u00e9ro de la lettre de transport a\u00e9rien ainsi que les informations requises. La situation sera \u00e9valu\u00e9e directement avec leur support.\n<br><br>\n\nEn proc\u00e9dant au paiement de nos services, vous reconnaissez avoir lu, compris et accept\u00e9 les conditions \u00e9nonc\u00e9es dans cette politique de non-remboursement et de non-retour.\n<br><br>\n\nPour toute question ou pr\u00e9occupation relative \u00e0 cette politique, n\u2019h\u00e9sitez pas \u00e0 nous contacter.\t\t\t\t\t\t<\/div>\n\t\t\t\t<\/div>\n\t\t\t\t\t<\/div>\n\t\t\t\t<\/div>\n\t\t\t\t<\/div>\n\t\t","protected":false},"excerpt":{"rendered":"<p>Retour Politique de non-remboursement et de non-retour Nous vous remercions de l\u2019int\u00e9r\u00eat que vous portez \u00e0 nos produits. Nous nous effor\u00e7ons de fournir \u00e0 nos clients des produits de la plus haute qualit\u00e9, et nous veillons \u00e0 ce que chacun d\u2019eux soit soumis \u00e0 un contr\u00f4le rigoureux avant exp\u00e9dition. Veuillez consulter notre politique de non-remboursement [&hellip;]<\/p>\n","protected":false},"author":1,"featured_media":0,"parent":0,"menu_order":0,"comment_status":"closed","ping_status":"closed","template":"","meta":{"footnotes":""},"class_list":["post-2225","page","type-page","status-publish","hentry"],"_links":{"self":[{"href":"https:\/\/www.hbglobes.com\/fr\/wp-json\/wp\/v2\/pages\/2225","targetHints":{"allow":["GET"]}}],"collection":[{"href":"https:\/\/www.hbglobes.com\/fr\/wp-json\/wp\/v2\/pages"}],"about":[{"href":"https:\/\/www.hbglobes.com\/fr\/wp-json\/wp\/v2\/types\/page"}],"author":[{"embeddable":true,"href":"https:\/\/www.hbglobes.com\/fr\/wp-json\/wp\/v2\/users\/1"}],"replies":[{"embeddable":true,"href":"https:\/\/www.hbglobes.com\/fr\/wp-json\/wp\/v2\/comments?post=2225"}],"version-history":[{"count":9,"href":"https:\/\/www.hbglobes.com\/fr\/wp-json\/wp\/v2\/pages\/2225\/revisions"}],"predecessor-version":[{"id":10852,"href":"https:\/\/www.hbglobes.com\/fr\/wp-json\/wp\/v2\/pages\/2225\/revisions\/10852"}],"wp:attachment":[{"href":"https:\/\/www.hbglobes.com\/fr\/wp-json\/wp\/v2\/media?parent=2225"}],"curies":[{"name":"wp","href":"https:\/\/api.w.org\/{rel}","templated":true}]}}