{"id":2286,"date":"2024-08-13T05:29:07","date_gmt":"2024-08-12T21:29:07","guid":{"rendered":"https:\/\/www.hbglobes.com\/soulignement-classique\/"},"modified":"2025-06-17T13:26:19","modified_gmt":"2025-06-17T05:26:19","slug":"soulignement-classique","status":"publish","type":"page","link":"https:\/\/www.hbglobes.com\/fr\/soulignement-classique\/","title":{"rendered":"Contours"},"content":{"rendered":"\t\t<div data-elementor-type=\"wp-page\" data-elementor-id=\"2286\" class=\"elementor elementor-2286 elementor-995\" data-elementor-post-type=\"page\">\n\t\t\t\t<div class=\"elementor-element elementor-element-8b227ee e-flex e-con-boxed e-con e-parent\" data-id=\"8b227ee\" data-element_type=\"container\">\n\t\t\t\t\t<div class=\"e-con-inner\">\n\t\t\t\t<div class=\"elementor-element elementor-element-0880786 elementor-nav-menu__align-center elementor-nav-menu--dropdown-none elementor-widget elementor-widget-nav-menu\" data-id=\"0880786\" data-element_type=\"widget\" data-settings=\"{&quot;layout&quot;:&quot;horizontal&quot;,&quot;submenu_icon&quot;:{&quot;value&quot;:&quot;&lt;svg class=\\&quot;e-font-icon-svg e-fas-caret-down\\&quot; viewBox=\\&quot;0 0 320 512\\&quot; xmlns=\\&quot;http:\\\/\\\/www.w3.org\\\/2000\\\/svg\\&quot;&gt;&lt;path d=\\&quot;M31.3 192h257.3c17.8 0 26.7 21.5 14.1 34.1L174.1 354.8c-7.8 7.8-20.5 7.8-28.3 0L17.2 226.1C4.6 213.5 13.5 192 31.3 192z\\&quot;&gt;&lt;\\\/path&gt;&lt;\\\/svg&gt;&quot;,&quot;library&quot;:&quot;fa-solid&quot;}}\" data-widget_type=\"nav-menu.default\">\n\t\t\t\t<div class=\"elementor-widget-container\">\n\t\t\t<link rel=\"stylesheet\" href=\"https:\/\/www.hbglobes.com\/wp-content\/plugins\/elementor-pro\/assets\/css\/widget-nav-menu.min.css?ver=1721982709\">\t\t\t<nav aria-label=\"Menu\" class=\"elementor-nav-menu--main elementor-nav-menu__container elementor-nav-menu--layout-horizontal e--pointer-underline e--animation-fade\">\n\t\t\t\t<ul id=\"menu-1-0880786\" class=\"elementor-nav-menu\"><li class=\"menu-item menu-item-type-post_type menu-item-object-page menu-item-9778\"><a href=\"https:\/\/www.hbglobes.com\/deals-of-the-month\/\" class=\"elementor-item\">Offres du mois<\/a><\/li>\n<li class=\"menu-item menu-item-type-post_type menu-item-object-page menu-item-9775\"><a href=\"https:\/\/www.hbglobes.com\/classic-retail-sales\/\" class=\"elementor-item\">Les Classiques<\/a><\/li>\n<li class=\"menu-item menu-item-type-post_type menu-item-object-page menu-item-9777\"><a href=\"https:\/\/www.hbglobes.com\/specials-retail-sales\/\" class=\"elementor-item\">Les Sp\u00e9ciaux<\/a><\/li>\n<\/ul>\t\t\t<\/nav>\n\t\t\t\t\t\t<nav class=\"elementor-nav-menu--dropdown elementor-nav-menu__container\" aria-hidden=\"true\">\n\t\t\t\t<ul id=\"menu-2-0880786\" class=\"elementor-nav-menu\"><li class=\"menu-item menu-item-type-post_type menu-item-object-page menu-item-9778\"><a href=\"https:\/\/www.hbglobes.com\/deals-of-the-month\/\" class=\"elementor-item\" tabindex=\"-1\">Offres du mois<\/a><\/li>\n<li class=\"menu-item menu-item-type-post_type menu-item-object-page menu-item-9775\"><a href=\"https:\/\/www.hbglobes.com\/classic-retail-sales\/\" class=\"elementor-item\" tabindex=\"-1\">Les Classiques<\/a><\/li>\n<li class=\"menu-item menu-item-type-post_type menu-item-object-page menu-item-9777\"><a href=\"https:\/\/www.hbglobes.com\/specials-retail-sales\/\" class=\"elementor-item\" tabindex=\"-1\">Les Sp\u00e9ciaux<\/a><\/li>\n<\/ul>\t\t\t<\/nav>\n\t\t\t\t<\/div>\n\t\t\t\t<\/div>\n\t\t\t\t\t<\/div>\n\t\t\t\t<\/div>\n\t\t<div class=\"elementor-element elementor-element-c87687 e-flex e-con-boxed e-con e-parent\" data-id=\"c87687\" data-element_type=\"container\">\n\t\t\t\t\t<div class=\"e-con-inner\">\n\t\t\t\t<div class=\"elementor-element elementor-element-49cc3d71 elementor-widget elementor-widget-heading\" data-id=\"49cc3d71\" data-element_type=\"widget\" data-widget_type=\"heading.default\">\n\t\t\t\t<div class=\"elementor-widget-container\">\n\t\t\t<style>\/*! elementor - v3.23.0 - 25-07-2024 *\/\n.elementor-heading-title{padding:0;margin:0;line-height:1}.elementor-widget-heading .elementor-heading-title[class*=elementor-size-]>a{color:inherit;font-size:inherit;line-height:inherit}.elementor-widget-heading .elementor-heading-title.elementor-size-small{font-size:15px}.elementor-widget-heading .elementor-heading-title.elementor-size-medium{font-size:19px}.elementor-widget-heading .elementor-heading-title.elementor-size-large{font-size:29px}.elementor-widget-heading .elementor-heading-title.elementor-size-xl{font-size:39px}.elementor-widget-heading .elementor-heading-title.elementor-size-xxl{font-size:59px}<\/style><p class=\"elementor-heading-title elementor-size-default\">S\u00e9rie Contours<\/p>\t\t<\/div>\n\t\t\t\t<\/div>\n\t\t\t\t\t<\/div>\n\t\t\t\t<\/div>\n\t\t<div class=\"elementor-element elementor-element-3379521 e-flex e-con-boxed e-con e-parent\" data-id=\"3379521\" data-element_type=\"container\">\n\t\t\t\t\t<div class=\"e-con-inner\">\n\t\t\t\t<div class=\"elementor-element elementor-element-c050c07 elementor-widget elementor-widget-image\" data-id=\"c050c07\" data-element_type=\"widget\" data-widget_type=\"image.default\">\n\t\t\t\t<div class=\"elementor-widget-container\">\n\t\t\t<style>\/*! elementor - v3.23.0 - 25-07-2024 *\/\n.elementor-widget-image{text-align:center}.elementor-widget-image a{display:inline-block}.elementor-widget-image a img[src$=\".svg\"]{width:48px}.elementor-widget-image img{vertical-align:middle;display:inline-block}<\/style>\t\t\t\t\t\t\t\t\t\t<img fetchpriority=\"high\" decoding=\"async\" width=\"1024\" height=\"598\" src=\"https:\/\/www.hbglobes.com\/wp-content\/uploads\/2025\/05\/bs-contour-1-1024x598.jpg\" class=\"attachment-large size-large wp-image-9745\" alt=\"\" srcset=\"https:\/\/www.hbglobes.com\/wp-content\/uploads\/2025\/05\/bs-contour-1-1024x598.jpg 1024w, https:\/\/www.hbglobes.com\/wp-content\/uploads\/2025\/05\/bs-contour-1-300x175.jpg 300w, https:\/\/www.hbglobes.com\/wp-content\/uploads\/2025\/05\/bs-contour-1-768x449.jpg 768w, https:\/\/www.hbglobes.com\/wp-content\/uploads\/2025\/05\/bs-contour-1-1536x898.jpg 1536w, https:\/\/www.hbglobes.com\/wp-content\/uploads\/2025\/05\/bs-contour-1-2048x1197.jpg 2048w, https:\/\/www.hbglobes.com\/wp-content\/uploads\/2025\/05\/bs-contour-1-600x351.jpg 600w\" sizes=\"(max-width: 1024px) 100vw, 1024px\" \/>\t\t\t\t\t\t\t\t\t\t\t\t\t<\/div>\n\t\t\t\t<\/div>\n\t\t\t\t\t<\/div>\n\t\t\t\t<\/div>\n\t\t<div class=\"elementor-element elementor-element-7f2b8516 e-flex e-con-boxed e-con e-parent\" data-id=\"7f2b8516\" data-element_type=\"container\">\n\t\t\t\t\t<div class=\"e-con-inner\">\n\t\t\t\t<div class=\"elementor-element elementor-element-38297daa elementor-widget elementor-widget-image\" data-id=\"38297daa\" data-element_type=\"widget\" data-widget_type=\"image.default\">\n\t\t\t\t<div class=\"elementor-widget-container\">\n\t\t\t\t\t\t\t\t\t\t\t\t\t<img decoding=\"async\" width=\"20\" height=\"20\" src=\"https:\/\/www.hbglobes.com\/wp-content\/uploads\/2024\/07\/fa_globe.png\" class=\"attachment-large size-large wp-image-82\" alt=\"\" \/>\t\t\t\t\t\t\t\t\t\t\t\t\t<\/div>\n\t\t\t\t<\/div>\n\t\t\t\t<div class=\"elementor-element elementor-element-2a3d79fe elementor-widget elementor-widget-heading\" data-id=\"2a3d79fe\" data-element_type=\"widget\" data-widget_type=\"heading.default\">\n\t\t\t\t<div class=\"elementor-widget-container\">\n\t\t\t<p class=\"elementor-heading-title elementor-size-default\">Diam\u00e8tre 30 cm \/ 11.82 inch<\/p>\t\t<\/div>\n\t\t\t\t<\/div>\n\t\t\t\t\t<\/div>\n\t\t\t\t<\/div>\n\t\t<div class=\"elementor-element elementor-element-46568093 e-flex e-con-boxed e-con e-parent\" data-id=\"46568093\" data-element_type=\"container\">\n\t\t\t\t\t<div class=\"e-con-inner\">\n\t\t\t\t<div class=\"elementor-element elementor-element-0d3805b elementor-grid-3 elementor-product-loop-item--align-center elementor-grid-tablet-3 elementor-grid-mobile-2 elementor-products-grid elementor-wc-products elementor-widget elementor-widget-woocommerce-products\" data-id=\"0d3805b\" data-element_type=\"widget\" data-widget_type=\"woocommerce-products.default\">\n\t\t\t\t<div class=\"elementor-widget-container\">\n\t\t\t<link rel=\"stylesheet\" href=\"https:\/\/www.hbglobes.com\/wp-content\/plugins\/elementor-pro\/assets\/css\/widget-woocommerce.min.css?ver=1721982709\"><div class=\"woocommerce columns-3 \"><ul class=\"products elementor-grid columns-3\">\n<li class=\"product type-product post-12160 status-publish first instock product_cat-classic-globes-fr product_cat-classic-underline-fr product_cat-diameter-30-cm-11-82-in-fr product_tag-classic-underline-30-cm-fr has-post-thumbnail sold-individually taxable shipping-taxable purchasable product-type-simple\">\n\t<a href=\"https:\/\/www.hbglobes.com\/fr\/retail-sales\/classic-globes-fr\/classic-underline-fr\/classic-underline-black-magnetite-30cm-ref-3433721\/\" class=\"woocommerce-LoopProduct-link woocommerce-loop-product__link\"><img decoding=\"async\" width=\"300\" height=\"300\" src=\"https:\/\/www.hbglobes.com\/wp-content\/uploads\/2024\/08\/337-30s-21-1-1-300x300.jpg\" class=\"attachment-woocommerce_thumbnail size-woocommerce_thumbnail\" alt=\"Classic Underline Black Magnetite 30cm - ref 3433721\" srcset=\"https:\/\/www.hbglobes.com\/wp-content\/uploads\/2024\/08\/337-30s-21-1-1-300x300.jpg 300w, https:\/\/www.hbglobes.com\/wp-content\/uploads\/2024\/08\/337-30s-21-1-1-1024x1024.jpg 1024w, https:\/\/www.hbglobes.com\/wp-content\/uploads\/2024\/08\/337-30s-21-1-1-150x150.jpg 150w, https:\/\/www.hbglobes.com\/wp-content\/uploads\/2024\/08\/337-30s-21-1-1-768x768.jpg 768w, https:\/\/www.hbglobes.com\/wp-content\/uploads\/2024\/08\/337-30s-21-1-1-1536x1536.jpg 1536w, https:\/\/www.hbglobes.com\/wp-content\/uploads\/2024\/08\/337-30s-21-1-1-2048x2048.jpg 2048w, https:\/\/www.hbglobes.com\/wp-content\/uploads\/2024\/08\/337-30s-21-1-1-600x600.jpg 600w, https:\/\/www.hbglobes.com\/wp-content\/uploads\/2024\/08\/337-30s-21-1-1-100x100.jpg 100w\" sizes=\"(max-width: 300px) 100vw, 300px\" \/><h2 class=\"woocommerce-loop-product__title\">Classic Underline Black Magnetite 30cm &#8211; ref 3433721<\/h2>\n\t<span class=\"price\"><span class=\"woocommerce-Price-amount amount\"><bdi><span class=\"woocommerce-Price-currencySymbol\">&#36;<\/span>2 300<\/bdi><\/span> <small class=\"woocommerce-price-suffix\">ex VAT (include Door to Door DHL Shipping)<\/small><\/span>\n<\/a><div class=\"woocommerce-loop-product__buttons\"><a href=\"\/fr\/wp-json\/wp\/v2\/pages\/2286?add-to-cart=12160\" aria-describedby=\"woocommerce_loop_add_to_cart_link_describedby_12160\" data-quantity=\"1\" class=\"button product_type_simple add_to_cart_button ajax_add_to_cart\" data-product_id=\"12160\" data-product_sku=\"3433721\" aria-label=\"Ajouter au panier\u00a0: &ldquo;Classic Underline Black Magnetite 30cm - ref 3433721&rdquo;\" rel=\"nofollow\" data-success_message=\"\u00ab\u00a0Classic Underline Black Magnetite 30cm - ref 3433721\u00a0\u00bb a \u00e9t\u00e9 ajout\u00e9 \u00e0 votre panier\">Ajouter au panier<\/a><\/div><span id=\"woocommerce_loop_add_to_cart_link_describedby_12160\" class=\"screen-reader-text\">\n\t<\/span>\n<\/li>\n<li class=\"product type-product post-12166 status-publish instock product_cat-classic-globes-fr product_cat-classic-underline-fr product_cat-diameter-30-cm-11-82-in-fr product_tag-classic-underline-30-cm-fr has-post-thumbnail sold-individually taxable shipping-taxable purchasable product-type-simple\">\n\t<a href=\"https:\/\/www.hbglobes.com\/fr\/retail-sales\/classic-globes-fr\/classic-underline-fr\/classic-underline-paradise-white-30cm-ref-3431421\/\" class=\"woocommerce-LoopProduct-link woocommerce-loop-product__link\"><img loading=\"lazy\" decoding=\"async\" width=\"300\" height=\"300\" src=\"https:\/\/www.hbglobes.com\/wp-content\/uploads\/2024\/08\/314-30s-21-1-300x300.jpg\" class=\"attachment-woocommerce_thumbnail size-woocommerce_thumbnail\" alt=\"Classic Underline Paradise White 30cm - ref 3431421\" srcset=\"https:\/\/www.hbglobes.com\/wp-content\/uploads\/2024\/08\/314-30s-21-1-300x300.jpg 300w, https:\/\/www.hbglobes.com\/wp-content\/uploads\/2024\/08\/314-30s-21-1-1024x1024.jpg 1024w, https:\/\/www.hbglobes.com\/wp-content\/uploads\/2024\/08\/314-30s-21-1-150x150.jpg 150w, https:\/\/www.hbglobes.com\/wp-content\/uploads\/2024\/08\/314-30s-21-1-768x768.jpg 768w, https:\/\/www.hbglobes.com\/wp-content\/uploads\/2024\/08\/314-30s-21-1-1536x1536.jpg 1536w, https:\/\/www.hbglobes.com\/wp-content\/uploads\/2024\/08\/314-30s-21-1-2048x2048.jpg 2048w, https:\/\/www.hbglobes.com\/wp-content\/uploads\/2024\/08\/314-30s-21-1-600x600.jpg 600w, https:\/\/www.hbglobes.com\/wp-content\/uploads\/2024\/08\/314-30s-21-1-100x100.jpg 100w\" sizes=\"(max-width: 300px) 100vw, 300px\" \/><h2 class=\"woocommerce-loop-product__title\">Classic Underline Paradise White 30cm &#8211; ref 3431421<\/h2>\n\t<span class=\"price\"><span class=\"woocommerce-Price-amount amount\"><bdi><span class=\"woocommerce-Price-currencySymbol\">&#36;<\/span>2 300<\/bdi><\/span> <small class=\"woocommerce-price-suffix\">ex VAT (include Door to Door DHL Shipping)<\/small><\/span>\n<\/a><div class=\"woocommerce-loop-product__buttons\"><a href=\"\/fr\/wp-json\/wp\/v2\/pages\/2286?add-to-cart=12166\" aria-describedby=\"woocommerce_loop_add_to_cart_link_describedby_12166\" data-quantity=\"1\" class=\"button product_type_simple add_to_cart_button ajax_add_to_cart\" data-product_id=\"12166\" data-product_sku=\"3431421\" aria-label=\"Ajouter au panier\u00a0: &ldquo;Classic Underline Paradise White 30cm - ref 3431421&rdquo;\" rel=\"nofollow\" data-success_message=\"\u00ab\u00a0Classic Underline Paradise White 30cm - ref 3431421\u00a0\u00bb a \u00e9t\u00e9 ajout\u00e9 \u00e0 votre panier\">Ajouter au panier<\/a><\/div><span id=\"woocommerce_loop_add_to_cart_link_describedby_12166\" class=\"screen-reader-text\">\n\t<\/span>\n<\/li>\n<\/ul>\n<\/div>\t\t<\/div>\n\t\t\t\t<\/div>\n\t\t\t\t\t<\/div>\n\t\t\t\t<\/div>\n\t\t<div class=\"elementor-element elementor-element-84239d1 e-flex e-con-boxed e-con e-parent\" data-id=\"84239d1\" data-element_type=\"container\">\n\t\t\t\t\t<div class=\"e-con-inner\">\n\t\t\t\t<div class=\"elementor-element elementor-element-e67fbc8 elementor-widget elementor-widget-image\" data-id=\"e67fbc8\" data-element_type=\"widget\" data-widget_type=\"image.default\">\n\t\t\t\t<div class=\"elementor-widget-container\">\n\t\t\t\t\t\t\t\t\t\t\t\t\t<img decoding=\"async\" width=\"20\" height=\"20\" src=\"https:\/\/www.hbglobes.com\/wp-content\/uploads\/2024\/07\/fa_globe.png\" class=\"attachment-large size-large wp-image-82\" alt=\"\" \/>\t\t\t\t\t\t\t\t\t\t\t\t\t<\/div>\n\t\t\t\t<\/div>\n\t\t\t\t<div class=\"elementor-element elementor-element-f638c3e elementor-widget elementor-widget-heading\" data-id=\"f638c3e\" data-element_type=\"widget\" data-widget_type=\"heading.default\">\n\t\t\t\t<div class=\"elementor-widget-container\">\n\t\t\t<p class=\"elementor-heading-title elementor-size-default\">Autres globes classiques<\/p>\t\t<\/div>\n\t\t\t\t<\/div>\n\t\t\t\t\t<\/div>\n\t\t\t\t<\/div>\n\t\t<div class=\"elementor-element elementor-element-5127d6d e-flex e-con-boxed e-con e-parent\" data-id=\"5127d6d\" data-element_type=\"container\">\n\t\t\t\t\t<div class=\"e-con-inner\">\n\t\t<div class=\"elementor-element elementor-element-7b3f407 e-flex e-con-boxed e-con e-child\" data-id=\"7b3f407\" data-element_type=\"container\" data-settings=\"{&quot;background_background&quot;:&quot;classic&quot;}\">\n\t\t\t\t\t<div class=\"e-con-inner\">\n\t\t\t\t<div class=\"elementor-element elementor-element-bad81c1 elementor-align-center elementor-widget elementor-widget-button\" data-id=\"bad81c1\" data-element_type=\"widget\" data-widget_type=\"button.default\">\n\t\t\t\t<div class=\"elementor-widget-container\">\n\t\t\t\t\t<div class=\"elementor-button-wrapper\">\n\t\t\t<a class=\"elementor-button elementor-button-link elementor-size-sm\" href=\"https:\/\/hbglobes.com\/fr\/?page_id=2222\">\n\t\t\t\t\t\t<span class=\"elementor-button-content-wrapper\">\n\t\t\t\t\t\t\t\t\t<span class=\"elementor-button-text\">Magn\u00e9tite noire<\/span>\n\t\t\t\t\t<\/span>\n\t\t\t\t\t<\/a>\n\t\t<\/div>\n\t\t\t\t<\/div>\n\t\t\t\t<\/div>\n\t\t\t\t\t<\/div>\n\t\t\t\t<\/div>\n\t\t<div class=\"elementor-element elementor-element-7971cda e-flex e-con-boxed e-con e-child\" data-id=\"7971cda\" data-element_type=\"container\" data-settings=\"{&quot;background_background&quot;:&quot;classic&quot;}\">\n\t\t\t\t\t<div class=\"e-con-inner\">\n\t\t\t\t<div class=\"elementor-element elementor-element-a9f80e0 elementor-align-center elementor-widget elementor-widget-button\" data-id=\"a9f80e0\" data-element_type=\"widget\" data-widget_type=\"button.default\">\n\t\t\t\t<div class=\"elementor-widget-container\">\n\t\t\t\t\t<div class=\"elementor-button-wrapper\">\n\t\t\t<a class=\"elementor-button elementor-button-link elementor-size-sm\" href=\"https:\/\/hbglobes.com\/fr\/?page_id=2228\">\n\t\t\t\t\t\t<span class=\"elementor-button-content-wrapper\">\n\t\t\t\t\t\t\t\t\t<span class=\"elementor-button-text\">Paradise Blanc<\/span>\n\t\t\t\t\t<\/span>\n\t\t\t\t\t<\/a>\n\t\t<\/div>\n\t\t\t\t<\/div>\n\t\t\t\t<\/div>\n\t\t\t\t\t<\/div>\n\t\t\t\t<\/div>\n\t\t<div class=\"elementor-element elementor-element-c5e86dd e-flex e-con-boxed e-con e-child\" data-id=\"c5e86dd\" data-element_type=\"container\" data-settings=\"{&quot;background_background&quot;:&quot;classic&quot;}\">\n\t\t\t\t\t<div class=\"e-con-inner\">\n\t\t\t\t<div class=\"elementor-element elementor-element-d3ec19b elementor-align-center elementor-widget elementor-widget-button\" data-id=\"d3ec19b\" data-element_type=\"widget\" data-widget_type=\"button.default\">\n\t\t\t\t<div class=\"elementor-widget-container\">\n\t\t\t\t\t<div class=\"elementor-button-wrapper\">\n\t\t\t<a class=\"elementor-button elementor-button-link elementor-size-sm\" href=\"https:\/\/hbglobes.com\/fr\/?page_id=2309\">\n\t\t\t\t\t\t<span class=\"elementor-button-content-wrapper\">\n\t\t\t\t\t\t\t\t\t<span class=\"elementor-button-text\">R\u00e9sine Acrylique<\/span>\n\t\t\t\t\t<\/span>\n\t\t\t\t\t<\/a>\n\t\t<\/div>\n\t\t\t\t<\/div>\n\t\t\t\t<\/div>\n\t\t\t\t\t<\/div>\n\t\t\t\t<\/div>\n\t\t\t\t\t<\/div>\n\t\t\t\t<\/div>\n\t\t<div class=\"elementor-element elementor-element-f76fd96 e-flex e-con-boxed e-con e-parent\" data-id=\"f76fd96\" data-element_type=\"container\">\n\t\t\t\t\t<div class=\"e-con-inner\">\n\t\t\t\t<div class=\"elementor-element elementor-element-4720b123 elementor-widget elementor-widget-image\" data-id=\"4720b123\" data-element_type=\"widget\" data-widget_type=\"image.default\">\n\t\t\t\t<div class=\"elementor-widget-container\">\n\t\t\t\t\t\t\t\t\t\t\t\t\t<img loading=\"lazy\" decoding=\"async\" width=\"1024\" height=\"418\" src=\"https:\/\/www.hbglobes.com\/wp-content\/uploads\/2024\/08\/sizes-with-map3-1024x418.jpg\" class=\"attachment-large size-large wp-image-771\" alt=\"\" srcset=\"https:\/\/www.hbglobes.com\/wp-content\/uploads\/2024\/08\/sizes-with-map3-1024x418.jpg 1024w, https:\/\/www.hbglobes.com\/wp-content\/uploads\/2024\/08\/sizes-with-map3-300x122.jpg 300w, https:\/\/www.hbglobes.com\/wp-content\/uploads\/2024\/08\/sizes-with-map3-768x313.jpg 768w, https:\/\/www.hbglobes.com\/wp-content\/uploads\/2024\/08\/sizes-with-map3-1536x627.jpg 1536w, https:\/\/www.hbglobes.com\/wp-content\/uploads\/2024\/08\/sizes-with-map3-2048x836.jpg 2048w, https:\/\/www.hbglobes.com\/wp-content\/uploads\/2024\/08\/sizes-with-map3-600x245.jpg 600w\" sizes=\"(max-width: 1024px) 100vw, 1024px\" \/>\t\t\t\t\t\t\t\t\t\t\t\t\t<\/div>\n\t\t\t\t<\/div>\n\t\t\t\t\t<\/div>\n\t\t\t\t<\/div>\n\t\t\t\t<\/div>\n\t\t","protected":false},"excerpt":{"rendered":"<p>S\u00e9rie Contours Diam\u00e8tre 30 cm \/ 11.82 inch Autres globes classiques Magn\u00e9tite noire Paradise Blanc R\u00e9sine Acrylique<\/p>\n","protected":false},"author":3,"featured_media":0,"parent":0,"menu_order":0,"comment_status":"closed","ping_status":"closed","template":"","meta":{"footnotes":""},"class_list":["post-2286","page","type-page","status-publish","hentry"],"_links":{"self":[{"href":"https:\/\/www.hbglobes.com\/fr\/wp-json\/wp\/v2\/pages\/2286","targetHints":{"allow":["GET"]}}],"collection":[{"href":"https:\/\/www.hbglobes.com\/fr\/wp-json\/wp\/v2\/pages"}],"about":[{"href":"https:\/\/www.hbglobes.com\/fr\/wp-json\/wp\/v2\/types\/page"}],"author":[{"embeddable":true,"href":"https:\/\/www.hbglobes.com\/fr\/wp-json\/wp\/v2\/users\/3"}],"replies":[{"embeddable":true,"href":"https:\/\/www.hbglobes.com\/fr\/wp-json\/wp\/v2\/comments?post=2286"}],"version-history":[{"count":20,"href":"https:\/\/www.hbglobes.com\/fr\/wp-json\/wp\/v2\/pages\/2286\/revisions"}],"predecessor-version":[{"id":12627,"href":"https:\/\/www.hbglobes.com\/fr\/wp-json\/wp\/v2\/pages\/2286\/revisions\/12627"}],"wp:attachment":[{"href":"https:\/\/www.hbglobes.com\/fr\/wp-json\/wp\/v2\/media?parent=2286"}],"curies":[{"name":"wp","href":"https:\/\/api.w.org\/{rel}","templated":true}]}}