{"id":4057,"date":"2024-08-22T07:39:57","date_gmt":"2024-08-21T23:39:57","guid":{"rendered":"https:\/\/www.hbglobes.com\/boulons\/"},"modified":"2025-06-16T14:01:30","modified_gmt":"2025-06-16T06:01:30","slug":"boulons","status":"publish","type":"page","link":"https:\/\/www.hbglobes.com\/fr\/boulons\/","title":{"rendered":"Boulons"},"content":{"rendered":"\t\t<div data-elementor-type=\"wp-page\" data-elementor-id=\"4057\" class=\"elementor elementor-4057 elementor-4052\" data-elementor-post-type=\"page\">\n\t\t\t\t<div class=\"elementor-element elementor-element-46c87ae e-flex e-con-boxed e-con e-parent\" data-id=\"46c87ae\" data-element_type=\"container\">\n\t\t\t\t\t<div class=\"e-con-inner\">\n\t\t\t\t\t<\/div>\n\t\t\t\t<\/div>\n\t\t<div class=\"elementor-element elementor-element-1edd60d e-flex e-con-boxed e-con e-parent\" data-id=\"1edd60d\" data-element_type=\"container\">\n\t\t\t\t\t<div class=\"e-con-inner\">\n\t\t\t\t<div class=\"elementor-element elementor-element-a97a148 elementor-nav-menu__align-center elementor-nav-menu--dropdown-none elementor-widget elementor-widget-nav-menu\" data-id=\"a97a148\" data-element_type=\"widget\" data-settings=\"{&quot;layout&quot;:&quot;horizontal&quot;,&quot;submenu_icon&quot;:{&quot;value&quot;:&quot;&lt;svg class=\\&quot;e-font-icon-svg e-fas-caret-down\\&quot; viewBox=\\&quot;0 0 320 512\\&quot; xmlns=\\&quot;http:\\\/\\\/www.w3.org\\\/2000\\\/svg\\&quot;&gt;&lt;path d=\\&quot;M31.3 192h257.3c17.8 0 26.7 21.5 14.1 34.1L174.1 354.8c-7.8 7.8-20.5 7.8-28.3 0L17.2 226.1C4.6 213.5 13.5 192 31.3 192z\\&quot;&gt;&lt;\\\/path&gt;&lt;\\\/svg&gt;&quot;,&quot;library&quot;:&quot;fa-solid&quot;}}\" data-widget_type=\"nav-menu.default\">\n\t\t\t\t<div class=\"elementor-widget-container\">\n\t\t\t<link rel=\"stylesheet\" href=\"https:\/\/www.hbglobes.com\/wp-content\/plugins\/elementor-pro\/assets\/css\/widget-nav-menu.min.css?ver=1721982709\">\t\t\t<nav aria-label=\"Menu\" class=\"elementor-nav-menu--main elementor-nav-menu__container elementor-nav-menu--layout-horizontal e--pointer-underline e--animation-fade\">\n\t\t\t\t<ul id=\"menu-1-a97a148\" class=\"elementor-nav-menu\"><li class=\"menu-item menu-item-type-post_type menu-item-object-page menu-item-9778\"><a href=\"https:\/\/www.hbglobes.com\/deals-of-the-month\/\" class=\"elementor-item\">Offres du mois<\/a><\/li>\n<li class=\"menu-item menu-item-type-post_type menu-item-object-page menu-item-9775\"><a href=\"https:\/\/www.hbglobes.com\/classic-retail-sales\/\" class=\"elementor-item\">Les Classiques<\/a><\/li>\n<li class=\"menu-item menu-item-type-post_type menu-item-object-page menu-item-9777\"><a href=\"https:\/\/www.hbglobes.com\/specials-retail-sales\/\" class=\"elementor-item\">Les Sp\u00e9ciaux<\/a><\/li>\n<\/ul>\t\t\t<\/nav>\n\t\t\t\t\t\t<nav class=\"elementor-nav-menu--dropdown elementor-nav-menu__container\" aria-hidden=\"true\">\n\t\t\t\t<ul id=\"menu-2-a97a148\" class=\"elementor-nav-menu\"><li class=\"menu-item menu-item-type-post_type menu-item-object-page menu-item-9778\"><a href=\"https:\/\/www.hbglobes.com\/deals-of-the-month\/\" class=\"elementor-item\" tabindex=\"-1\">Offres du mois<\/a><\/li>\n<li class=\"menu-item menu-item-type-post_type menu-item-object-page menu-item-9775\"><a href=\"https:\/\/www.hbglobes.com\/classic-retail-sales\/\" class=\"elementor-item\" tabindex=\"-1\">Les Classiques<\/a><\/li>\n<li class=\"menu-item menu-item-type-post_type menu-item-object-page menu-item-9777\"><a href=\"https:\/\/www.hbglobes.com\/specials-retail-sales\/\" class=\"elementor-item\" tabindex=\"-1\">Les Sp\u00e9ciaux<\/a><\/li>\n<\/ul>\t\t\t<\/nav>\n\t\t\t\t<\/div>\n\t\t\t\t<\/div>\n\t\t\t\t\t<\/div>\n\t\t\t\t<\/div>\n\t\t<div class=\"elementor-element elementor-element-39ae741e e-flex e-con-boxed e-con e-parent\" data-id=\"39ae741e\" data-element_type=\"container\">\n\t\t\t\t\t<div class=\"e-con-inner\">\n\t\t\t\t<div class=\"elementor-element elementor-element-43e068fc elementor-widget elementor-widget-heading\" data-id=\"43e068fc\" data-element_type=\"widget\" data-widget_type=\"heading.default\">\n\t\t\t\t<div class=\"elementor-widget-container\">\n\t\t\t<style>\/*! elementor - v3.23.0 - 25-07-2024 *\/\n.elementor-heading-title{padding:0;margin:0;line-height:1}.elementor-widget-heading .elementor-heading-title[class*=elementor-size-]>a{color:inherit;font-size:inherit;line-height:inherit}.elementor-widget-heading .elementor-heading-title.elementor-size-small{font-size:15px}.elementor-widget-heading .elementor-heading-title.elementor-size-medium{font-size:19px}.elementor-widget-heading .elementor-heading-title.elementor-size-large{font-size:29px}.elementor-widget-heading .elementor-heading-title.elementor-size-xl{font-size:39px}.elementor-widget-heading .elementor-heading-title.elementor-size-xxl{font-size:59px}<\/style><p class=\"elementor-heading-title elementor-size-default\">S\u00e9rie de boulons<\/p>\t\t<\/div>\n\t\t\t\t<\/div>\n\t\t\t\t\t<\/div>\n\t\t\t\t<\/div>\n\t\t<div class=\"elementor-element elementor-element-a180cb3 e-flex e-con-boxed e-con e-parent\" data-id=\"a180cb3\" data-element_type=\"container\">\n\t\t\t\t\t<div class=\"e-con-inner\">\n\t\t\t\t<div class=\"elementor-element elementor-element-bc82e3d elementor-widget elementor-widget-image\" data-id=\"bc82e3d\" data-element_type=\"widget\" data-widget_type=\"image.default\">\n\t\t\t\t<div class=\"elementor-widget-container\">\n\t\t\t<style>\/*! elementor - v3.23.0 - 25-07-2024 *\/\n.elementor-widget-image{text-align:center}.elementor-widget-image a{display:inline-block}.elementor-widget-image a img[src$=\".svg\"]{width:48px}.elementor-widget-image img{vertical-align:middle;display:inline-block}<\/style>\t\t\t\t\t\t\t\t\t\t<img fetchpriority=\"high\" decoding=\"async\" width=\"1024\" height=\"680\" src=\"https:\/\/www.hbglobes.com\/wp-content\/uploads\/2025\/05\/bolts-eu-1-1024x680.jpg\" class=\"attachment-large size-large wp-image-9768\" alt=\"\" srcset=\"https:\/\/www.hbglobes.com\/wp-content\/uploads\/2025\/05\/bolts-eu-1-1024x680.jpg 1024w, https:\/\/www.hbglobes.com\/wp-content\/uploads\/2025\/05\/bolts-eu-1-300x199.jpg 300w, https:\/\/www.hbglobes.com\/wp-content\/uploads\/2025\/05\/bolts-eu-1-768x510.jpg 768w, https:\/\/www.hbglobes.com\/wp-content\/uploads\/2025\/05\/bolts-eu-1-1536x1021.jpg 1536w, https:\/\/www.hbglobes.com\/wp-content\/uploads\/2025\/05\/bolts-eu-1-2048x1361.jpg 2048w, https:\/\/www.hbglobes.com\/wp-content\/uploads\/2025\/05\/bolts-eu-1-600x399.jpg 600w\" sizes=\"(max-width: 1024px) 100vw, 1024px\" \/>\t\t\t\t\t\t\t\t\t\t\t\t\t<\/div>\n\t\t\t\t<\/div>\n\t\t\t\t\t<\/div>\n\t\t\t\t<\/div>\n\t\t<div class=\"elementor-element elementor-element-8e0fb69 e-flex e-con-boxed e-con e-parent\" data-id=\"8e0fb69\" data-element_type=\"container\">\n\t\t\t\t\t<div class=\"e-con-inner\">\n\t\t<div class=\"elementor-element elementor-element-6419cfa e-con-full e-flex e-con e-child\" data-id=\"6419cfa\" data-element_type=\"container\">\n\t\t\t\t<div class=\"elementor-element elementor-element-12ae667 elementor-widget elementor-widget-text-editor\" data-id=\"12ae667\" data-element_type=\"widget\" data-widget_type=\"text-editor.default\">\n\t\t\t\t<div class=\"elementor-widget-container\">\n\t\t\t<style>\/*! elementor - v3.23.0 - 25-07-2024 *\/\n.elementor-widget-text-editor.elementor-drop-cap-view-stacked .elementor-drop-cap{background-color:#69727d;color:#fff}.elementor-widget-text-editor.elementor-drop-cap-view-framed .elementor-drop-cap{color:#69727d;border:3px solid;background-color:transparent}.elementor-widget-text-editor:not(.elementor-drop-cap-view-default) .elementor-drop-cap{margin-top:8px}.elementor-widget-text-editor:not(.elementor-drop-cap-view-default) .elementor-drop-cap-letter{width:1em;height:1em}.elementor-widget-text-editor .elementor-drop-cap{float:left;text-align:center;line-height:1;font-size:50px}.elementor-widget-text-editor .elementor-drop-cap-letter{display:inline-block}<\/style>\t\t\t\tActuellement, 1 pi\u00e8ce disponible en stock.\n<br>\nD\u00e9lai de traitement (en cas de commande) : 12 semaines.\n<br>\nAcompte de 50 % requis par virement bancaire pour toute nouvelle commande.\t\t\t\t\t\t<\/div>\n\t\t\t\t<\/div>\n\t\t\t\t<\/div>\n\t\t\t\t\t<\/div>\n\t\t\t\t<\/div>\n\t\t<div class=\"elementor-element elementor-element-5d8e3b7e e-flex e-con-boxed e-con e-parent\" data-id=\"5d8e3b7e\" data-element_type=\"container\">\n\t\t\t\t\t<div class=\"e-con-inner\">\n\t\t<div class=\"elementor-element elementor-element-23ace3ba e-con-full e-flex e-con e-child\" data-id=\"23ace3ba\" data-element_type=\"container\">\n\t\t\t\t<div class=\"elementor-element elementor-element-18d02879 elementor-widget elementor-widget-image\" data-id=\"18d02879\" data-element_type=\"widget\" data-widget_type=\"image.default\">\n\t\t\t\t<div class=\"elementor-widget-container\">\n\t\t\t\t\t\t\t\t\t\t\t\t\t<img decoding=\"async\" width=\"20\" height=\"20\" src=\"https:\/\/www.hbglobes.com\/wp-content\/uploads\/2024\/07\/fa_globe.png\" class=\"attachment-large size-large wp-image-82\" alt=\"\" \/>\t\t\t\t\t\t\t\t\t\t\t\t\t<\/div>\n\t\t\t\t<\/div>\n\t\t\t\t<div class=\"elementor-element elementor-element-243b9537 elementor-widget elementor-widget-heading\" data-id=\"243b9537\" data-element_type=\"widget\" data-widget_type=\"heading.default\">\n\t\t\t\t<div class=\"elementor-widget-container\">\n\t\t\t<p class=\"elementor-heading-title elementor-size-default\">Autres produits sp\u00e9ciaux<\/p>\t\t<\/div>\n\t\t\t\t<\/div>\n\t\t\t\t<\/div>\n\t\t\t\t\t<\/div>\n\t\t\t\t<\/div>\n\t\t<div class=\"elementor-element elementor-element-1975c400 e-flex e-con-boxed e-con e-parent\" data-id=\"1975c400\" data-element_type=\"container\">\n\t\t\t\t\t<div class=\"e-con-inner\">\n\t\t<div class=\"elementor-element elementor-element-be775a5 e-con-full e-flex e-con e-child\" data-id=\"be775a5\" data-element_type=\"container\">\n\t\t<div class=\"elementor-element elementor-element-2b22903 e-con-full e-flex e-con e-child\" data-id=\"2b22903\" data-element_type=\"container\" data-settings=\"{&quot;background_background&quot;:&quot;classic&quot;}\">\n\t\t\t\t<div class=\"elementor-element elementor-element-fdcd52e elementor-align-center elementor-widget elementor-widget-button\" data-id=\"fdcd52e\" data-element_type=\"widget\" data-widget_type=\"button.default\">\n\t\t\t\t<div class=\"elementor-widget-container\">\n\t\t\t\t\t<div class=\"elementor-button-wrapper\">\n\t\t\t<a class=\"elementor-button elementor-button-link elementor-size-sm\" href=\"https:\/\/hbglobes.com\/fr\/?page_id=3727\">\n\t\t\t\t\t\t<span class=\"elementor-button-content-wrapper\">\n\t\t\t\t\t\t\t\t\t<span class=\"elementor-button-text\">Contours<\/span>\n\t\t\t\t\t<\/span>\n\t\t\t\t\t<\/a>\n\t\t<\/div>\n\t\t\t\t<\/div>\n\t\t\t\t<\/div>\n\t\t\t\t<\/div>\n\t\t<div class=\"elementor-element elementor-element-ba15faa e-con-full e-flex e-con e-child\" data-id=\"ba15faa\" data-element_type=\"container\" data-settings=\"{&quot;background_background&quot;:&quot;classic&quot;}\">\n\t\t\t\t<div class=\"elementor-element elementor-element-462f336 elementor-align-center elementor-widget elementor-widget-button\" data-id=\"462f336\" data-element_type=\"widget\" data-widget_type=\"button.default\">\n\t\t\t\t<div class=\"elementor-widget-container\">\n\t\t\t\t\t<div class=\"elementor-button-wrapper\">\n\t\t\t<a class=\"elementor-button elementor-button-link elementor-size-sm\" href=\"https:\/\/hbglobes.com\/fr\/?page_id=3956\">\n\t\t\t\t\t\t<span class=\"elementor-button-content-wrapper\">\n\t\t\t\t\t\t\t\t\t<span class=\"elementor-button-text\">Oc\u00e9an Martel\u00e9s \/ D\u00e9chir\u00e9s<\/span>\n\t\t\t\t\t<\/span>\n\t\t\t\t\t<\/a>\n\t\t<\/div>\n\t\t\t\t<\/div>\n\t\t\t\t<\/div>\n\t\t\t\t<\/div>\n\t\t<div class=\"elementor-element elementor-element-b6010db e-con-full e-flex e-con e-child\" data-id=\"b6010db\" data-element_type=\"container\" data-settings=\"{&quot;background_background&quot;:&quot;classic&quot;}\">\n\t\t\t\t<div class=\"elementor-element elementor-element-588d140 elementor-align-center elementor-widget elementor-widget-button\" data-id=\"588d140\" data-element_type=\"widget\" data-widget_type=\"button.default\">\n\t\t\t\t<div class=\"elementor-widget-container\">\n\t\t\t\t\t<div class=\"elementor-button-wrapper\">\n\t\t\t<a class=\"elementor-button elementor-button-link elementor-size-sm\" href=\"https:\/\/hbglobes.com\/fr\/?page_id=3990\">\n\t\t\t\t\t\t<span class=\"elementor-button-content-wrapper\">\n\t\t\t\t\t\t\t\t\t<span class=\"elementor-button-text\">Tatouage \/ \u00e9dition limit\u00e9e<\/span>\n\t\t\t\t\t<\/span>\n\t\t\t\t\t<\/a>\n\t\t<\/div>\n\t\t\t\t<\/div>\n\t\t\t\t<\/div>\n\t\t\t\t<\/div>\n\t\t\t\t<\/div>\n\t\t\t\t\t<\/div>\n\t\t\t\t<\/div>\n\t\t<div class=\"elementor-element elementor-element-12760970 e-flex e-con-boxed e-con e-parent\" data-id=\"12760970\" data-element_type=\"container\">\n\t\t\t\t\t<div class=\"e-con-inner\">\n\t\t<div class=\"elementor-element elementor-element-025af44 e-con-full e-flex e-con e-child\" data-id=\"025af44\" data-element_type=\"container\">\n\t\t<div class=\"elementor-element elementor-element-0832084 e-con-full e-flex e-con e-child\" data-id=\"0832084\" data-element_type=\"container\" data-settings=\"{&quot;background_background&quot;:&quot;classic&quot;}\">\n\t\t\t\t<div class=\"elementor-element elementor-element-e1c40ae elementor-align-center elementor-widget elementor-widget-button\" data-id=\"e1c40ae\" data-element_type=\"widget\" data-widget_type=\"button.default\">\n\t\t\t\t<div class=\"elementor-widget-container\">\n\t\t\t\t\t<div class=\"elementor-button-wrapper\">\n\t\t\t<a class=\"elementor-button elementor-button-link elementor-size-sm\" href=\"https:\/\/hbglobes.com\/fr\/?page_id=4022\">\n\t\t\t\t\t\t<span class=\"elementor-button-content-wrapper\">\n\t\t\t\t\t\t\t\t\t<span class=\"elementor-button-text\">Perles, Pierres Pr\u00e9cieuses \/ Tr\u00e9sors d'Oc\u00e9anie<\/span>\n\t\t\t\t\t<\/span>\n\t\t\t\t\t<\/a>\n\t\t<\/div>\n\t\t\t\t<\/div>\n\t\t\t\t<\/div>\n\t\t\t\t<\/div>\n\t\t<div class=\"elementor-element elementor-element-f44f05d e-con-full e-flex e-con e-child\" data-id=\"f44f05d\" data-element_type=\"container\" data-settings=\"{&quot;background_background&quot;:&quot;classic&quot;}\">\n\t\t\t\t<div class=\"elementor-element elementor-element-a319fb8 elementor-align-center elementor-widget elementor-widget-button\" data-id=\"a319fb8\" data-element_type=\"widget\" data-widget_type=\"button.default\">\n\t\t\t\t<div class=\"elementor-widget-container\">\n\t\t\t\t\t<div class=\"elementor-button-wrapper\">\n\t\t\t<a class=\"elementor-button elementor-button-link elementor-size-sm\" href=\"https:\/\/hbglobes.com\/fr\/?page_id=4046\">\n\t\t\t\t\t\t<span class=\"elementor-button-content-wrapper\">\n\t\t\t\t\t\t\t\t\t<span class=\"elementor-button-text\">Aimants<\/span>\n\t\t\t\t\t<\/span>\n\t\t\t\t\t<\/a>\n\t\t<\/div>\n\t\t\t\t<\/div>\n\t\t\t\t<\/div>\n\t\t\t\t<\/div>\n\t\t\t\t<\/div>\n\t\t\t\t\t<\/div>\n\t\t\t\t<\/div>\n\t\t<div class=\"elementor-element elementor-element-46b0c650 e-flex e-con-boxed e-con e-parent\" data-id=\"46b0c650\" data-element_type=\"container\">\n\t\t\t\t\t<div class=\"e-con-inner\">\n\t\t<div class=\"elementor-element elementor-element-39d5b94 e-con-full e-flex e-con e-child\" data-id=\"39d5b94\" data-element_type=\"container\">\n\t\t<div class=\"elementor-element elementor-element-edf5f05 e-con-full e-flex e-con e-child\" data-id=\"edf5f05\" data-element_type=\"container\" data-settings=\"{&quot;background_background&quot;:&quot;classic&quot;}\">\n\t\t\t\t<div class=\"elementor-element elementor-element-5829426 elementor-align-center elementor-widget elementor-widget-button\" data-id=\"5829426\" data-element_type=\"widget\" data-widget_type=\"button.default\">\n\t\t\t\t<div class=\"elementor-widget-container\">\n\t\t\t\t\t<div class=\"elementor-button-wrapper\">\n\t\t\t<a class=\"elementor-button elementor-button-link elementor-size-sm\" href=\"https:\/\/hbglobes.com\/fr\/?page_id=4065\">\n\t\t\t\t\t\t<span class=\"elementor-button-content-wrapper\">\n\t\t\t\t\t\t\t\t\t<span class=\"elementor-button-text\">Plan\u00e8te verte \/ Plan\u00e8te Golf<\/span>\n\t\t\t\t\t<\/span>\n\t\t\t\t\t<\/a>\n\t\t<\/div>\n\t\t\t\t<\/div>\n\t\t\t\t<\/div>\n\t\t\t\t<\/div>\n\t\t<div class=\"elementor-element elementor-element-524a794 e-con-full e-flex e-con e-child\" data-id=\"524a794\" data-element_type=\"container\" data-settings=\"{&quot;background_background&quot;:&quot;classic&quot;}\">\n\t\t\t\t<div class=\"elementor-element elementor-element-ec36395 elementor-align-center elementor-widget elementor-widget-button\" data-id=\"ec36395\" data-element_type=\"widget\" data-widget_type=\"button.default\">\n\t\t\t\t<div class=\"elementor-widget-container\">\n\t\t\t\t\t<div class=\"elementor-button-wrapper\">\n\t\t\t<a class=\"elementor-button elementor-button-link elementor-size-sm\" href=\"https:\/\/hbglobes.com\/fr\/?page_id=4074\">\n\t\t\t\t\t\t<span class=\"elementor-button-content-wrapper\">\n\t\t\t\t\t\t\t\t\t<span class=\"elementor-button-text\">Fleurs en laiton \/ \u00e9dition limit\u00e9e<\/span>\n\t\t\t\t\t<\/span>\n\t\t\t\t\t<\/a>\n\t\t<\/div>\n\t\t\t\t<\/div>\n\t\t\t\t<\/div>\n\t\t\t\t<\/div>\n\t\t<div class=\"elementor-element elementor-element-4f76974 e-con-full e-flex e-con e-child\" data-id=\"4f76974\" data-element_type=\"container\" data-settings=\"{&quot;background_background&quot;:&quot;classic&quot;}\">\n\t\t\t\t<div class=\"elementor-element elementor-element-d120b08 elementor-align-center elementor-widget elementor-widget-button\" data-id=\"d120b08\" data-element_type=\"widget\" data-widget_type=\"button.default\">\n\t\t\t\t<div class=\"elementor-widget-container\">\n\t\t\t\t\t<div class=\"elementor-button-wrapper\">\n\t\t\t<a class=\"elementor-button elementor-button-link elementor-size-sm\" href=\"https:\/\/hbglobes.com\/fr\/?page_id=10672\">\n\t\t\t\t\t\t<span class=\"elementor-button-content-wrapper\">\n\t\t\t\t\t\t\t\t\t<span class=\"elementor-button-text\">Empreintes Digitales<\/span>\n\t\t\t\t\t<\/span>\n\t\t\t\t\t<\/a>\n\t\t<\/div>\n\t\t\t\t<\/div>\n\t\t\t\t<\/div>\n\t\t\t\t<\/div>\n\t\t\t\t<\/div>\n\t\t\t\t\t<\/div>\n\t\t\t\t<\/div>\n\t\t<div class=\"elementor-element elementor-element-4bee82c9 e-flex e-con-boxed e-con e-parent\" data-id=\"4bee82c9\" data-element_type=\"container\">\n\t\t\t\t\t<div class=\"e-con-inner\">\n\t\t\t\t<div class=\"elementor-element elementor-element-ee24f97 elementor-widget elementor-widget-image\" data-id=\"ee24f97\" data-element_type=\"widget\" data-widget_type=\"image.default\">\n\t\t\t\t<div class=\"elementor-widget-container\">\n\t\t\t\t\t\t\t\t\t\t\t\t\t<img decoding=\"async\" width=\"1024\" height=\"418\" src=\"https:\/\/www.hbglobes.com\/wp-content\/uploads\/2024\/08\/sizes-with-map3-1024x418.jpg\" class=\"attachment-large size-large wp-image-771\" alt=\"\" srcset=\"https:\/\/www.hbglobes.com\/wp-content\/uploads\/2024\/08\/sizes-with-map3-1024x418.jpg 1024w, https:\/\/www.hbglobes.com\/wp-content\/uploads\/2024\/08\/sizes-with-map3-300x122.jpg 300w, https:\/\/www.hbglobes.com\/wp-content\/uploads\/2024\/08\/sizes-with-map3-768x313.jpg 768w, https:\/\/www.hbglobes.com\/wp-content\/uploads\/2024\/08\/sizes-with-map3-1536x627.jpg 1536w, https:\/\/www.hbglobes.com\/wp-content\/uploads\/2024\/08\/sizes-with-map3-2048x836.jpg 2048w, https:\/\/www.hbglobes.com\/wp-content\/uploads\/2024\/08\/sizes-with-map3-600x245.jpg 600w\" sizes=\"(max-width: 1024px) 100vw, 1024px\" \/>\t\t\t\t\t\t\t\t\t\t\t\t\t<\/div>\n\t\t\t\t<\/div>\n\t\t\t\t\t<\/div>\n\t\t\t\t<\/div>\n\t\t\t\t<\/div>\n\t\t","protected":false},"excerpt":{"rendered":"<p>S\u00e9rie de boulons Actuellement, 1 pi\u00e8ce disponible en stock. D\u00e9lai de traitement (en cas de commande) : 12 semaines. Acompte de 50 % requis par virement bancaire pour toute nouvelle commande. Autres produits sp\u00e9ciaux Contours Oc\u00e9an Martel\u00e9s \/ D\u00e9chir\u00e9s Tatouage \/ \u00e9dition limit\u00e9e Perles, Pierres Pr\u00e9cieuses \/ Tr\u00e9sors d&rsquo;Oc\u00e9anie Aimants Plan\u00e8te verte \/ Plan\u00e8te Golf [&hellip;]<\/p>\n","protected":false},"author":3,"featured_media":0,"parent":0,"menu_order":0,"comment_status":"closed","ping_status":"closed","template":"","meta":{"footnotes":""},"class_list":["post-4057","page","type-page","status-publish","hentry"],"_links":{"self":[{"href":"https:\/\/www.hbglobes.com\/fr\/wp-json\/wp\/v2\/pages\/4057","targetHints":{"allow":["GET"]}}],"collection":[{"href":"https:\/\/www.hbglobes.com\/fr\/wp-json\/wp\/v2\/pages"}],"about":[{"href":"https:\/\/www.hbglobes.com\/fr\/wp-json\/wp\/v2\/types\/page"}],"author":[{"embeddable":true,"href":"https:\/\/www.hbglobes.com\/fr\/wp-json\/wp\/v2\/users\/3"}],"replies":[{"embeddable":true,"href":"https:\/\/www.hbglobes.com\/fr\/wp-json\/wp\/v2\/comments?post=4057"}],"version-history":[{"count":10,"href":"https:\/\/www.hbglobes.com\/fr\/wp-json\/wp\/v2\/pages\/4057\/revisions"}],"predecessor-version":[{"id":12436,"href":"https:\/\/www.hbglobes.com\/fr\/wp-json\/wp\/v2\/pages\/4057\/revisions\/12436"}],"wp:attachment":[{"href":"https:\/\/www.hbglobes.com\/fr\/wp-json\/wp\/v2\/media?parent=4057"}],"curies":[{"name":"wp","href":"https:\/\/api.w.org\/{rel}","templated":true}]}}